{"id":415,"date":"2022-01-04T13:37:48","date_gmt":"2022-01-04T13:37:48","guid":{"rendered":"https:\/\/lasa.thembaydev.com\/demo-7\/?page_id=415"},"modified":"2025-12-15T12:19:06","modified_gmt":"2025-12-15T12:19:06","slug":"faqs","status":"publish","type":"page","link":"https:\/\/zouinart.ma\/?page_id=415","title":{"rendered":"FAQs"},"content":{"rendered":"\t\t<div data-elementor-type=\"wp-page\" data-elementor-id=\"415\" class=\"elementor elementor-415\">\n\t\t\t\t<div class=\"elementor-element elementor-element-6115ee6 e-flex e-con-boxed e-con e-parent\" data-id=\"6115ee6\" data-element_type=\"container\" data-e-type=\"container\">\n\t\t\t\t\t<div class=\"e-con-inner\">\n\t\t\t\t<div class=\"elementor-element elementor-element-2494ae4 elementor-widget__width-initial elementor-widget elementor-widget-heading\" data-id=\"2494ae4\" data-element_type=\"widget\" data-e-type=\"widget\" data-widget_type=\"heading.default\">\n\t\t\t\t<div class=\"elementor-widget-container\">\n\t\t\t\t\t<h4 class=\"elementor-heading-title elementor-size-default\">FAQ \u2013 Zouinart.ma<\/h4>\t\t\t\t<\/div>\n\t\t\t\t<\/div>\n\t\t\t\t<div class=\"elementor-element elementor-element-9f26f4d elementor-widget__width-initial elementor-widget elementor-widget-text-editor\" data-id=\"9f26f4d\" data-element_type=\"widget\" data-e-type=\"widget\" data-widget_type=\"text-editor.default\">\n\t\t\t\t<div class=\"elementor-widget-container\">\n\t\t\t\t\t\t\t\t\t<p data-start=\"86\" data-end=\"266\"><strong data-start=\"86\" data-end=\"98\">Zouinart<\/strong> sublime vos murs avec des <strong data-start=\"125\" data-end=\"157\">tableaux d\u00e9coratifs modernes<\/strong> m\u00ealant <strong data-start=\"165\" data-end=\"204\">art marocain et design contemporain<\/strong>, pour apporter <strong data-start=\"220\" data-end=\"245\">\u00e9l\u00e9gance et caract\u00e8re<\/strong> \u00e0 votre int\u00e9rieur.<\/p>\t\t\t\t\t\t\t\t<\/div>\n\t\t\t\t<\/div>\n\t\t\t\t<div class=\"elementor-element elementor-element-50f58af elementor-widget-divider--view-line elementor-widget elementor-widget-divider\" data-id=\"50f58af\" data-element_type=\"widget\" data-e-type=\"widget\" data-widget_type=\"divider.default\">\n\t\t\t\t<div class=\"elementor-widget-container\">\n\t\t\t\t\t\t\t<div class=\"elementor-divider\">\n\t\t\t<span class=\"elementor-divider-separator\">\n\t\t\t\t\t\t<\/span>\n\t\t<\/div>\n\t\t\t\t\t\t<\/div>\n\t\t\t\t<\/div>\n\t\t\t\t\t<\/div>\n\t\t\t\t<\/div>\n\t\t<div class=\"elementor-element elementor-element-99d6cfe e-flex e-con-boxed e-con e-parent\" data-id=\"99d6cfe\" data-element_type=\"container\" data-e-type=\"container\">\n\t\t\t\t\t<div class=\"e-con-inner\">\n\t\t\t\t<div class=\"elementor-element elementor-element-570b9a5 elementor-widget elementor-widget-toggle\" data-id=\"570b9a5\" data-element_type=\"widget\" data-e-type=\"widget\" data-widget_type=\"toggle.default\">\n\t\t\t\t<div class=\"elementor-widget-container\">\n\t\t\t\t\t\t\t<div class=\"elementor-toggle\">\n\t\t\t\t\t\t\t<div class=\"elementor-toggle-item\">\n\t\t\t\t\t<div id=\"elementor-tab-title-9121\" class=\"elementor-tab-title\" data-tab=\"1\" role=\"button\" aria-controls=\"elementor-tab-content-9121\" aria-expanded=\"false\">\n\t\t\t\t\t\t\t\t\t\t\t\t<span class=\"elementor-toggle-icon elementor-toggle-icon-right\" aria-hidden=\"true\">\n\t\t\t\t\t\t\t\t\t\t\t\t\t\t\t<span class=\"elementor-toggle-icon-closed\"><i class=\"tb-icon tb-icon-plus\"><\/i><\/span>\n\t\t\t\t\t\t\t\t<span class=\"elementor-toggle-icon-opened\"><i class=\"elementor-toggle-icon-opened tb-icon tb-icon-minus\"><\/i><\/span>\n\t\t\t\t\t\t\t\t\t\t\t\t\t<\/span>\n\t\t\t\t\t\t\t\t\t\t\t\t<a class=\"elementor-toggle-title\" tabindex=\"0\">1. Quels types de tableaux proposez-vous ?<\/a>\n\t\t\t\t\t<\/div>\n\n\t\t\t\t\t<div id=\"elementor-tab-content-9121\" class=\"elementor-tab-content elementor-clearfix\" data-tab=\"1\" role=\"region\" aria-labelledby=\"elementor-tab-title-9121\"><p data-start=\"248\" data-end=\"430\">Nous proposons des <strong data-start=\"267\" data-end=\"299\">tableaux d\u00e9coratifs modernes<\/strong>, des \u0153uvres abstraites, des tableaux marocains et des impressions premium sur toile, con\u00e7us pour sublimer tous types d\u2019int\u00e9rieurs.<\/p><\/div>\n\t\t\t\t<\/div>\n\t\t\t\t\t\t\t<div class=\"elementor-toggle-item\">\n\t\t\t\t\t<div id=\"elementor-tab-title-9122\" class=\"elementor-tab-title\" data-tab=\"2\" role=\"button\" aria-controls=\"elementor-tab-content-9122\" aria-expanded=\"false\">\n\t\t\t\t\t\t\t\t\t\t\t\t<span class=\"elementor-toggle-icon elementor-toggle-icon-right\" aria-hidden=\"true\">\n\t\t\t\t\t\t\t\t\t\t\t\t\t\t\t<span class=\"elementor-toggle-icon-closed\"><i class=\"tb-icon tb-icon-plus\"><\/i><\/span>\n\t\t\t\t\t\t\t\t<span class=\"elementor-toggle-icon-opened\"><i class=\"elementor-toggle-icon-opened tb-icon tb-icon-minus\"><\/i><\/span>\n\t\t\t\t\t\t\t\t\t\t\t\t\t<\/span>\n\t\t\t\t\t\t\t\t\t\t\t\t<a class=\"elementor-toggle-title\" tabindex=\"0\">2. Vos tableaux sont-ils disponibles en diff\u00e9rentes tailles ?<\/a>\n\t\t\t\t\t<\/div>\n\n\t\t\t\t\t<div id=\"elementor-tab-content-9122\" class=\"elementor-tab-content elementor-clearfix\" data-tab=\"2\" role=\"region\" aria-labelledby=\"elementor-tab-title-9122\"><p data-start=\"504\" data-end=\"640\">Oui ! Chaque tableau peut \u00eatre choisi en <strong data-start=\"545\" data-end=\"566\">plusieurs formats<\/strong>, pour s\u2019adapter parfaitement \u00e0 votre mur, votre salon, bureau ou chambre.<\/p><\/div>\n\t\t\t\t<\/div>\n\t\t\t\t\t\t\t<div class=\"elementor-toggle-item\">\n\t\t\t\t\t<div id=\"elementor-tab-title-9123\" class=\"elementor-tab-title\" data-tab=\"3\" role=\"button\" aria-controls=\"elementor-tab-content-9123\" aria-expanded=\"false\">\n\t\t\t\t\t\t\t\t\t\t\t\t<span class=\"elementor-toggle-icon elementor-toggle-icon-right\" aria-hidden=\"true\">\n\t\t\t\t\t\t\t\t\t\t\t\t\t\t\t<span class=\"elementor-toggle-icon-closed\"><i class=\"tb-icon tb-icon-plus\"><\/i><\/span>\n\t\t\t\t\t\t\t\t<span class=\"elementor-toggle-icon-opened\"><i class=\"elementor-toggle-icon-opened tb-icon tb-icon-minus\"><\/i><\/span>\n\t\t\t\t\t\t\t\t\t\t\t\t\t<\/span>\n\t\t\t\t\t\t\t\t\t\t\t\t<a class=\"elementor-toggle-title\" tabindex=\"0\">3. Est-ce que les tableaux sont livr\u00e9s avec un cadre ?<\/a>\n\t\t\t\t\t<\/div>\n\n\t\t\t\t\t<div id=\"elementor-tab-content-9123\" class=\"elementor-tab-content elementor-clearfix\" data-tab=\"3\" role=\"region\" aria-labelledby=\"elementor-tab-title-9123\"><p data-start=\"707\" data-end=\"881\">La plupart de nos tableaux sont <strong data-start=\"739\" data-end=\"778\">livr\u00e9s avec un cadre premium inclus<\/strong>. Les options de cadre peuvent varier selon le produit, v\u00e9rifiez la fiche produit pour plus de d\u00e9tails.<\/p><\/div>\n\t\t\t\t<\/div>\n\t\t\t\t\t\t\t<div class=\"elementor-toggle-item\">\n\t\t\t\t\t<div id=\"elementor-tab-title-9124\" class=\"elementor-tab-title\" data-tab=\"4\" role=\"button\" aria-controls=\"elementor-tab-content-9124\" aria-expanded=\"false\">\n\t\t\t\t\t\t\t\t\t\t\t\t<span class=\"elementor-toggle-icon elementor-toggle-icon-right\" aria-hidden=\"true\">\n\t\t\t\t\t\t\t\t\t\t\t\t\t\t\t<span class=\"elementor-toggle-icon-closed\"><i class=\"tb-icon tb-icon-plus\"><\/i><\/span>\n\t\t\t\t\t\t\t\t<span class=\"elementor-toggle-icon-opened\"><i class=\"elementor-toggle-icon-opened tb-icon tb-icon-minus\"><\/i><\/span>\n\t\t\t\t\t\t\t\t\t\t\t\t\t<\/span>\n\t\t\t\t\t\t\t\t\t\t\t\t<a class=\"elementor-toggle-title\" tabindex=\"0\">4. Comment passer une commande sur Zouinart.ma ?<\/a>\n\t\t\t\t\t<\/div>\n\n\t\t\t\t\t<div id=\"elementor-tab-content-9124\" class=\"elementor-tab-content elementor-clearfix\" data-tab=\"4\" role=\"region\" aria-labelledby=\"elementor-tab-title-9124\"><p data-start=\"942\" data-end=\"1109\">Il vous suffit de s\u00e9lectionner votre tableau, choisir la taille et le cadre si disponible, puis ajouter le produit au panier et suivre les \u00e9tapes de paiement s\u00e9curis\u00e9.<\/p><\/div>\n\t\t\t\t<\/div>\n\t\t\t\t\t\t\t<div class=\"elementor-toggle-item\">\n\t\t\t\t\t<div id=\"elementor-tab-title-9125\" class=\"elementor-tab-title\" data-tab=\"5\" role=\"button\" aria-controls=\"elementor-tab-content-9125\" aria-expanded=\"false\">\n\t\t\t\t\t\t\t\t\t\t\t\t<span class=\"elementor-toggle-icon elementor-toggle-icon-right\" aria-hidden=\"true\">\n\t\t\t\t\t\t\t\t\t\t\t\t\t\t\t<span class=\"elementor-toggle-icon-closed\"><i class=\"tb-icon tb-icon-plus\"><\/i><\/span>\n\t\t\t\t\t\t\t\t<span class=\"elementor-toggle-icon-opened\"><i class=\"elementor-toggle-icon-opened tb-icon tb-icon-minus\"><\/i><\/span>\n\t\t\t\t\t\t\t\t\t\t\t\t\t<\/span>\n\t\t\t\t\t\t\t\t\t\t\t\t<a class=\"elementor-toggle-title\" tabindex=\"0\">5. Quels sont les d\u00e9lais de livraison ?<\/a>\n\t\t\t\t\t<\/div>\n\n\t\t\t\t\t<div id=\"elementor-tab-content-9125\" class=\"elementor-tab-content elementor-clearfix\" data-tab=\"5\" role=\"region\" aria-labelledby=\"elementor-tab-title-9125\"><p data-start=\"1021\" data-end=\"1178\">G\u00e9n\u00e9ralement 1<strong data-start=\"1374\" data-end=\"1396\">\u00a0\u00e0 3 jours ouvr\u00e9s<\/strong><\/p><\/div>\n\t\t\t\t<\/div>\n\t\t\t\t\t\t\t<div class=\"elementor-toggle-item\">\n\t\t\t\t\t<div id=\"elementor-tab-title-9126\" class=\"elementor-tab-title\" data-tab=\"6\" role=\"button\" aria-controls=\"elementor-tab-content-9126\" aria-expanded=\"false\">\n\t\t\t\t\t\t\t\t\t\t\t\t<span class=\"elementor-toggle-icon elementor-toggle-icon-right\" aria-hidden=\"true\">\n\t\t\t\t\t\t\t\t\t\t\t\t\t\t\t<span class=\"elementor-toggle-icon-closed\"><i class=\"tb-icon tb-icon-plus\"><\/i><\/span>\n\t\t\t\t\t\t\t\t<span class=\"elementor-toggle-icon-opened\"><i class=\"elementor-toggle-icon-opened tb-icon tb-icon-minus\"><\/i><\/span>\n\t\t\t\t\t\t\t\t\t\t\t\t\t<\/span>\n\t\t\t\t\t\t\t\t\t\t\t\t<a class=\"elementor-toggle-title\" tabindex=\"0\">6. Proposez-vous des tableaux personnalis\u00e9s ou sur commande ?<\/a>\n\t\t\t\t\t<\/div>\n\n\t\t\t\t\t<div id=\"elementor-tab-content-9126\" class=\"elementor-tab-content elementor-clearfix\" data-tab=\"6\" role=\"region\" aria-labelledby=\"elementor-tab-title-9126\"><p data-start=\"1819\" data-end=\"1966\">Oui ! Nous r\u00e9alisons des <strong data-start=\"1844\" data-end=\"1865\">\u0153uvres sur mesure<\/strong>, selon vos envies, couleurs, dimensions et style. Contactez notre \u00e9quipe pour un devis personnalis\u00e9.<\/p><\/div>\n\t\t\t\t<\/div>\n\t\t\t\t\t\t\t<div class=\"elementor-toggle-item\">\n\t\t\t\t\t<div id=\"elementor-tab-title-9127\" class=\"elementor-tab-title\" data-tab=\"7\" role=\"button\" aria-controls=\"elementor-tab-content-9127\" aria-expanded=\"false\">\n\t\t\t\t\t\t\t\t\t\t\t\t<span class=\"elementor-toggle-icon elementor-toggle-icon-right\" aria-hidden=\"true\">\n\t\t\t\t\t\t\t\t\t\t\t\t\t\t\t<span class=\"elementor-toggle-icon-closed\"><i class=\"tb-icon tb-icon-plus\"><\/i><\/span>\n\t\t\t\t\t\t\t\t<span class=\"elementor-toggle-icon-opened\"><i class=\"elementor-toggle-icon-opened tb-icon tb-icon-minus\"><\/i><\/span>\n\t\t\t\t\t\t\t\t\t\t\t\t\t<\/span>\n\t\t\t\t\t\t\t\t\t\t\t\t<a class=\"elementor-toggle-title\" tabindex=\"0\">7. Comment puis-je contacter Zouinart pour plus d\u2019informations ?<\/a>\n\t\t\t\t\t<\/div>\n\n\t\t\t\t\t<div id=\"elementor-tab-content-9127\" class=\"elementor-tab-content elementor-clearfix\" data-tab=\"7\" role=\"region\" aria-labelledby=\"elementor-tab-title-9127\"><p data-start=\"2242\" data-end=\"2401\">Vous pouvez nous joindre via notre <strong data-start=\"2277\" data-end=\"2302\">formulaire de contact<\/strong>, par email ou t\u00e9l\u00e9phone. Nous r\u00e9pondons rapidement \u00e0 toutes vos questions et demandes sp\u00e9ciales.<\/p><\/div>\n\t\t\t\t<\/div>\n\t\t\t\t\t\t\t\t\t\t<script type=\"application\/ld+json\">{\"@context\":\"https:\\\/\\\/schema.org\",\"@type\":\"FAQPage\",\"mainEntity\":[{\"@type\":\"Question\",\"name\":\"1. Quels types de tableaux proposez-vous ?\",\"acceptedAnswer\":{\"@type\":\"Answer\",\"text\":\"<p data-start=\\\"248\\\" data-end=\\\"430\\\">Nous proposons des <strong data-start=\\\"267\\\" data-end=\\\"299\\\">tableaux d\\u00e9coratifs modernes<\\\/strong>, des \\u0153uvres abstraites, des tableaux marocains et des impressions premium sur toile, con\\u00e7us pour sublimer tous types d\\u2019int\\u00e9rieurs.<\\\/p>\"}},{\"@type\":\"Question\",\"name\":\"2. Vos tableaux sont-ils disponibles en diff\\u00e9rentes tailles ?\",\"acceptedAnswer\":{\"@type\":\"Answer\",\"text\":\"<p data-start=\\\"504\\\" data-end=\\\"640\\\">Oui ! Chaque tableau peut \\u00eatre choisi en <strong data-start=\\\"545\\\" data-end=\\\"566\\\">plusieurs formats<\\\/strong>, pour s\\u2019adapter parfaitement \\u00e0 votre mur, votre salon, bureau ou chambre.<\\\/p>\"}},{\"@type\":\"Question\",\"name\":\"3. Est-ce que les tableaux sont livr\\u00e9s avec un cadre ?\",\"acceptedAnswer\":{\"@type\":\"Answer\",\"text\":\"<p data-start=\\\"707\\\" data-end=\\\"881\\\">La plupart de nos tableaux sont <strong data-start=\\\"739\\\" data-end=\\\"778\\\">livr\\u00e9s avec un cadre premium inclus<\\\/strong>. Les options de cadre peuvent varier selon le produit, v\\u00e9rifiez la fiche produit pour plus de d\\u00e9tails.<\\\/p>\"}},{\"@type\":\"Question\",\"name\":\"4. Comment passer une commande sur Zouinart.ma ?\",\"acceptedAnswer\":{\"@type\":\"Answer\",\"text\":\"<p data-start=\\\"942\\\" data-end=\\\"1109\\\">Il vous suffit de s\\u00e9lectionner votre tableau, choisir la taille et le cadre si disponible, puis ajouter le produit au panier et suivre les \\u00e9tapes de paiement s\\u00e9curis\\u00e9.<\\\/p>\"}},{\"@type\":\"Question\",\"name\":\"5. Quels sont les d\\u00e9lais de livraison ?\",\"acceptedAnswer\":{\"@type\":\"Answer\",\"text\":\"<p data-start=\\\"1021\\\" data-end=\\\"1178\\\">G\\u00e9n\\u00e9ralement 1<strong data-start=\\\"1374\\\" data-end=\\\"1396\\\">\\u00a0\\u00e0 3 jours ouvr\\u00e9s<\\\/strong><\\\/p>\"}},{\"@type\":\"Question\",\"name\":\"6. Proposez-vous des tableaux personnalis\\u00e9s ou sur commande ?\",\"acceptedAnswer\":{\"@type\":\"Answer\",\"text\":\"<p data-start=\\\"1819\\\" data-end=\\\"1966\\\">Oui ! Nous r\\u00e9alisons des <strong data-start=\\\"1844\\\" data-end=\\\"1865\\\">\\u0153uvres sur mesure<\\\/strong>, selon vos envies, couleurs, dimensions et style. Contactez notre \\u00e9quipe pour un devis personnalis\\u00e9.<\\\/p>\"}},{\"@type\":\"Question\",\"name\":\"7. Comment puis-je contacter Zouinart pour plus d\\u2019informations ?\",\"acceptedAnswer\":{\"@type\":\"Answer\",\"text\":\"<p data-start=\\\"2242\\\" data-end=\\\"2401\\\">Vous pouvez nous joindre via notre <strong data-start=\\\"2277\\\" data-end=\\\"2302\\\">formulaire de contact<\\\/strong>, par email ou t\\u00e9l\\u00e9phone. Nous r\\u00e9pondons rapidement \\u00e0 toutes vos questions et demandes sp\\u00e9ciales.<\\\/p>\"}}]}<\/script>\n\t\t\t\t\t<\/div>\n\t\t\t\t\t\t<\/div>\n\t\t\t\t<\/div>\n\t\t\t\t\t<\/div>\n\t\t\t\t<\/div>\n\t\t\t\t<\/div>\n\t\t","protected":false},"excerpt":{"rendered":"<p>FAQ \u2013 Zouinart.ma Zouinart sublime vos murs avec des tableaux d\u00e9coratifs modernes m\u00ealant art marocain et design contemporain, pour apporter \u00e9l\u00e9gance et caract\u00e8re \u00e0 votre int\u00e9rieur. 1. Quels types de tableaux proposez-vous ? Nous proposons des tableaux d\u00e9coratifs modernes, des \u0153uvres abstraites, des tableaux marocains et des impressions premium sur toile, con\u00e7us pour sublimer tous &hellip; <a href=\"https:\/\/zouinart.ma\/?page_id=415\" class=\"more-link\">Continue reading <span class=\"screen-reader-text\">FAQs<\/span><\/a><\/p>\n","protected":false},"author":1,"featured_media":0,"parent":0,"menu_order":0,"comment_status":"closed","ping_status":"closed","template":"","meta":{"om_disable_all_campaigns":false,"_monsterinsights_skip_tracking":false,"_monsterinsights_sitenote_active":false,"_monsterinsights_sitenote_note":"","_monsterinsights_sitenote_category":0,"_uf_show_specific_survey":0,"_uf_disable_surveys":false,"footnotes":""},"class_list":["post-415","page","type-page","status-publish","hentry"],"_links":{"self":[{"href":"https:\/\/zouinart.ma\/index.php?rest_route=\/wp\/v2\/pages\/415","targetHints":{"allow":["GET"]}}],"collection":[{"href":"https:\/\/zouinart.ma\/index.php?rest_route=\/wp\/v2\/pages"}],"about":[{"href":"https:\/\/zouinart.ma\/index.php?rest_route=\/wp\/v2\/types\/page"}],"author":[{"embeddable":true,"href":"https:\/\/zouinart.ma\/index.php?rest_route=\/wp\/v2\/users\/1"}],"replies":[{"embeddable":true,"href":"https:\/\/zouinart.ma\/index.php?rest_route=%2Fwp%2Fv2%2Fcomments&post=415"}],"version-history":[{"count":27,"href":"https:\/\/zouinart.ma\/index.php?rest_route=\/wp\/v2\/pages\/415\/revisions"}],"predecessor-version":[{"id":9234,"href":"https:\/\/zouinart.ma\/index.php?rest_route=\/wp\/v2\/pages\/415\/revisions\/9234"}],"wp:attachment":[{"href":"https:\/\/zouinart.ma\/index.php?rest_route=%2Fwp%2Fv2%2Fmedia&parent=415"}],"curies":[{"name":"wp","href":"https:\/\/api.w.org\/{rel}","templated":true}]}}