{"id":147,"date":"2022-01-04T10:11:47","date_gmt":"2022-01-04T10:11:47","guid":{"rendered":"https:\/\/lasa.thembaydev.com\/demo-7\/?page_id=147"},"modified":"2026-01-05T11:01:09","modified_gmt":"2026-01-05T11:01:09","slug":"a-propos-de-nous","status":"publish","type":"page","link":"https:\/\/zouinart.ma\/?page_id=147","title":{"rendered":"\u00c0 propos de nous"},"content":{"rendered":"\t\t<div data-elementor-type=\"wp-page\" data-elementor-id=\"147\" class=\"elementor elementor-147\">\n\t\t\t\t<div class=\"elementor-element elementor-element-bdde08b e-con-full e-flex e-con e-parent\" data-id=\"bdde08b\" data-element_type=\"container\" data-e-type=\"container\">\n\t\t\t\t<div class=\"elementor-element elementor-element-49e24d3 tb-effect effect-no elementor-widget elementor-widget-image\" data-id=\"49e24d3\" data-element_type=\"widget\" data-e-type=\"widget\" data-widget_type=\"image.default\">\n\t\t\t\t<div class=\"elementor-widget-container\">\n\t\t\t\t\t\t\t\t\t\t\t\t\t\t\t<img fetchpriority=\"high\" decoding=\"async\" width=\"2560\" height=\"1119\" src=\"https:\/\/zouinart.ma\/wp-content\/uploads\/2026\/01\/tableau-mural-moderne-scaled.jpeg\" class=\"attachment-full size-full wp-image-9388\" alt=\"tableau mural moderne\" \/>\t\t\t\t\t\t\t\t\t\t\t\t\t\t\t<\/div>\n\t\t\t\t<\/div>\n\t\t\t\t<\/div>\n\t\t<div class=\"elementor-element elementor-element-91ac8ed e-flex e-con-boxed e-con e-parent\" data-id=\"91ac8ed\" data-element_type=\"container\" data-e-type=\"container\">\n\t\t\t\t\t<div class=\"e-con-inner\">\n\t\t\t\t<div class=\"elementor-element elementor-element-c31c102 elementor-widget elementor-widget-heading\" data-id=\"c31c102\" data-element_type=\"widget\" data-e-type=\"widget\" data-widget_type=\"heading.default\">\n\t\t\t\t<div class=\"elementor-widget-container\">\n\t\t\t\t\t<h3 class=\"elementor-heading-title elementor-size-default\">\u00c0 propos de Zouinart<\/h3>\t\t\t\t<\/div>\n\t\t\t\t<\/div>\n\t\t\t\t<div class=\"elementor-element elementor-element-63207c1 elementor-widget elementor-widget-text-editor\" data-id=\"63207c1\" data-element_type=\"widget\" data-e-type=\"widget\" data-widget_type=\"text-editor.default\">\n\t\t\t\t<div class=\"elementor-widget-container\">\n\t\t\t\t\t\t\t\t\t<p data-start=\"226\" data-end=\"514\"><strong data-start=\"226\" data-end=\"238\">Zouinart<\/strong> est une marque marocaine d\u00e9di\u00e9e \u00e0 l\u2019art mural et \u00e0 la d\u00e9coration int\u00e9rieure, n\u00e9e d\u2019une passion pour l\u2019esth\u00e9tique, la cr\u00e9ativit\u00e9 et le design contemporain. Notre mission est simple : <strong data-start=\"421\" data-end=\"513\">sublimer vos espaces avec des \u0153uvres d\u2019art qui ont du sens, du caract\u00e8re et de l\u2019\u00e9motion<\/strong>.<\/p><p data-start=\"516\" data-end=\"845\">Chez Zouinart, nous s\u00e9lectionnons et cr\u00e9ons des <strong data-start=\"564\" data-end=\"596\">tableaux d\u00e9coratifs modernes<\/strong>, inspir\u00e9s \u00e0 la fois par l\u2019\u00e2me marocaine et les tendances actuelles du design int\u00e9rieur. Chaque \u0153uvre est pens\u00e9e pour s\u2019int\u00e9grer harmonieusement dans les salons, bureaux, chambres et espaces professionnels, en apportant une touche artistique unique.<\/p><p data-start=\"847\" data-end=\"1110\">Nous accordons une importance particuli\u00e8re \u00e0 la <strong data-start=\"895\" data-end=\"920\">qualit\u00e9 des mat\u00e9riaux<\/strong>, \u00e0 la finesse des finitions et au rendu visuel. Nos tableaux sont imprim\u00e9s sur des supports premium et con\u00e7us pour durer, afin de vous offrir une d\u00e9coration murale \u00e9l\u00e9gante et intemporelle.<\/p><p data-start=\"1112\" data-end=\"1385\">Au-del\u00e0 de la d\u00e9coration, Zouinart souhaite proposer une <strong data-start=\"1169\" data-end=\"1204\">v\u00e9ritable exp\u00e9rience artistique<\/strong>. Chaque tableau raconte une histoire et transforme un mur en un espace d\u2019expression. Nous croyons que l\u2019art ne se limite pas \u00e0 \u00eatre regard\u00e9, mais qu\u2019il doit \u00eatre v\u00e9cu au quotidien.<\/p><p data-start=\"1387\" data-end=\"1434\"><strong data-start=\"1387\" data-end=\"1434\">Zouinart, c\u2019est l\u2019art qui sublime vos murs.<\/strong><\/p>\t\t\t\t\t\t\t\t<\/div>\n\t\t\t\t<\/div>\n\t\t<div class=\"elementor-element elementor-element-269feb2 e-con-full e-flex e-con e-child\" data-id=\"269feb2\" data-element_type=\"container\" data-e-type=\"container\">\n\t\t\t\t<div class=\"elementor-element elementor-element-2e70aa1 elementor-widget elementor-widget-heading\" data-id=\"2e70aa1\" data-element_type=\"widget\" data-e-type=\"widget\" data-widget_type=\"heading.default\">\n\t\t\t\t<div class=\"elementor-widget-container\">\n\t\t\t\t\t<h3 class=\"elementor-heading-title elementor-size-default\">Points Forts de Zouinart<\/h3>\t\t\t\t<\/div>\n\t\t\t\t<\/div>\n\t\t<div class=\"elementor-element elementor-element-ea4766a e-con-full e-flex e-con e-child\" data-id=\"ea4766a\" data-element_type=\"container\" data-e-type=\"container\">\n\t\t<div class=\"elementor-element elementor-element-e9a1b54 e-con-full e-flex e-con e-child\" data-id=\"e9a1b54\" data-element_type=\"container\" data-e-type=\"container\">\n\t\t\t\t<div class=\"elementor-element elementor-element-2b6c545 elementor-position-inline-start elementor-mobile-position-inline-start elementor-view-default elementor-widget elementor-widget-icon-box\" data-id=\"2b6c545\" data-element_type=\"widget\" data-e-type=\"widget\" data-widget_type=\"icon-box.default\">\n\t\t\t\t<div class=\"elementor-widget-container\">\n\t\t\t\t\t\t\t<div class=\"elementor-icon-box-wrapper\">\n\n\t\t\t\t\t\t<div class=\"elementor-icon-box-icon\">\n\t\t\t\t<span  class=\"elementor-icon\">\n\t\t\t\t<i aria-hidden=\"true\" class=\"sim-icon icon-control-forward\"><\/i>\t\t\t\t<\/span>\n\t\t\t<\/div>\n\t\t\t\n\t\t\t\t\t\t<div class=\"elementor-icon-box-content\">\n\n\t\t\t\t\t\t\t\t\t<h3 class=\"elementor-icon-box-title\">\n\t\t\t\t\t\t<span  >\n\t\t\t\t\t\t\t\u0152uvres Premium et Authentiques\t\t\t\t\t\t<\/span>\n\t\t\t\t\t<\/h3>\n\t\t\t\t\n\t\t\t\t\t\t\t\t\t<p class=\"elementor-icon-box-description\">\n\t\t\t\t\t\tChaque tableau est con\u00e7u avec des mat\u00e9riaux de haute qualit\u00e9, alliant art marocain et design moderne, pour une d\u00e9coration \u00e9l\u00e9gante et durable.\t\t\t\t\t<\/p>\n\t\t\t\t\n\t\t\t<\/div>\n\t\t\t\n\t\t<\/div>\n\t\t\t\t\t\t<\/div>\n\t\t\t\t<\/div>\n\t\t\t\t<\/div>\n\t\t<div class=\"elementor-element elementor-element-a72b7cc e-con-full e-flex e-con e-child\" data-id=\"a72b7cc\" data-element_type=\"container\" data-e-type=\"container\">\n\t\t\t\t<div class=\"elementor-element elementor-element-7a479fe elementor-position-inline-start elementor-mobile-position-inline-start elementor-view-default elementor-widget elementor-widget-icon-box\" data-id=\"7a479fe\" data-element_type=\"widget\" data-e-type=\"widget\" data-widget_type=\"icon-box.default\">\n\t\t\t\t<div class=\"elementor-widget-container\">\n\t\t\t\t\t\t\t<div class=\"elementor-icon-box-wrapper\">\n\n\t\t\t\t\t\t<div class=\"elementor-icon-box-icon\">\n\t\t\t\t<span  class=\"elementor-icon\">\n\t\t\t\t<i aria-hidden=\"true\" class=\"sim-icon icon-control-forward\"><\/i>\t\t\t\t<\/span>\n\t\t\t<\/div>\n\t\t\t\n\t\t\t\t\t\t<div class=\"elementor-icon-box-content\">\n\n\t\t\t\t\t\t\t\t\t<h3 class=\"elementor-icon-box-title\">\n\t\t\t\t\t\t<span  >\n\t\t\t\t\t\t\tCollections Uniques et Curat\u00e9es\t\t\t\t\t\t<\/span>\n\t\t\t\t\t<\/h3>\n\t\t\t\t\n\t\t\t\t\t\t\t\t\t<p class=\"elementor-icon-box-description\">\n\t\t\t\t\t\tNos \u0153uvres sont soigneusement s\u00e9lectionn\u00e9es et limit\u00e9es, offrant des pi\u00e8ces uniques qui apportent style et personnalit\u00e9 \u00e0 chaque int\u00e9rieur.\t\t\t\t\t<\/p>\n\t\t\t\t\n\t\t\t<\/div>\n\t\t\t\n\t\t<\/div>\n\t\t\t\t\t\t<\/div>\n\t\t\t\t<\/div>\n\t\t\t\t<\/div>\n\t\t<div class=\"elementor-element elementor-element-e2dd907 e-con-full e-flex e-con e-child\" data-id=\"e2dd907\" data-element_type=\"container\" data-e-type=\"container\">\n\t\t\t\t<div class=\"elementor-element elementor-element-f4d1e4d elementor-position-inline-start elementor-mobile-position-inline-start elementor-view-default elementor-widget elementor-widget-icon-box\" data-id=\"f4d1e4d\" data-element_type=\"widget\" data-e-type=\"widget\" data-widget_type=\"icon-box.default\">\n\t\t\t\t<div class=\"elementor-widget-container\">\n\t\t\t\t\t\t\t<div class=\"elementor-icon-box-wrapper\">\n\n\t\t\t\t\t\t<div class=\"elementor-icon-box-icon\">\n\t\t\t\t<span  class=\"elementor-icon\">\n\t\t\t\t<i aria-hidden=\"true\" class=\"sim-icon icon-control-forward\"><\/i>\t\t\t\t<\/span>\n\t\t\t<\/div>\n\t\t\t\n\t\t\t\t\t\t<div class=\"elementor-icon-box-content\">\n\n\t\t\t\t\t\t\t\t\t<h3 class=\"elementor-icon-box-title\">\n\t\t\t\t\t\t<span  >\n\t\t\t\t\t\t\tExp\u00e9rience Artistique Compl\u00e8te\t\t\t\t\t\t<\/span>\n\t\t\t\t\t<\/h3>\n\t\t\t\t\n\t\t\t\t\t\t\t\t\t<p class=\"elementor-icon-box-description\">\n\t\t\t\t\t\tZouinart ne vend pas seulement des tableaux : nous cr\u00e9ons une exp\u00e9rience d\u00e9corative, o\u00f9 chaque mur devient un espace d\u2019\u00e9motion et d\u2019expression artistique.\t\t\t\t\t<\/p>\n\t\t\t\t\n\t\t\t<\/div>\n\t\t\t\n\t\t<\/div>\n\t\t\t\t\t\t<\/div>\n\t\t\t\t<\/div>\n\t\t\t\t<\/div>\n\t\t\t\t<\/div>\n\t\t\t\t<\/div>\n\t\t\t\t\t<\/div>\n\t\t\t\t<\/div>\n\t\t\t\t<\/div>\n\t\t","protected":false},"excerpt":{"rendered":"<p>\u00c0 propos de Zouinart Zouinart est une marque marocaine d\u00e9di\u00e9e \u00e0 l\u2019art mural et \u00e0 la d\u00e9coration int\u00e9rieure, n\u00e9e d\u2019une passion pour l\u2019esth\u00e9tique, la cr\u00e9ativit\u00e9 et le design contemporain. Notre mission est simple : sublimer vos espaces avec des \u0153uvres d\u2019art qui ont du sens, du caract\u00e8re et de l\u2019\u00e9motion. Chez Zouinart, nous s\u00e9lectionnons et &hellip; <a href=\"https:\/\/zouinart.ma\/?page_id=147\" class=\"more-link\">Continue reading <span class=\"screen-reader-text\">\u00c0 propos de nous<\/span><\/a><\/p>\n","protected":false},"author":1,"featured_media":0,"parent":0,"menu_order":0,"comment_status":"closed","ping_status":"closed","template":"","meta":{"om_disable_all_campaigns":false,"_monsterinsights_skip_tracking":false,"_monsterinsights_sitenote_active":false,"_monsterinsights_sitenote_note":"","_monsterinsights_sitenote_category":0,"_uf_show_specific_survey":0,"_uf_disable_surveys":false,"footnotes":""},"class_list":["post-147","page","type-page","status-publish","hentry"],"_links":{"self":[{"href":"https:\/\/zouinart.ma\/index.php?rest_route=\/wp\/v2\/pages\/147","targetHints":{"allow":["GET"]}}],"collection":[{"href":"https:\/\/zouinart.ma\/index.php?rest_route=\/wp\/v2\/pages"}],"about":[{"href":"https:\/\/zouinart.ma\/index.php?rest_route=\/wp\/v2\/types\/page"}],"author":[{"embeddable":true,"href":"https:\/\/zouinart.ma\/index.php?rest_route=\/wp\/v2\/users\/1"}],"replies":[{"embeddable":true,"href":"https:\/\/zouinart.ma\/index.php?rest_route=%2Fwp%2Fv2%2Fcomments&post=147"}],"version-history":[{"count":116,"href":"https:\/\/zouinart.ma\/index.php?rest_route=\/wp\/v2\/pages\/147\/revisions"}],"predecessor-version":[{"id":9394,"href":"https:\/\/zouinart.ma\/index.php?rest_route=\/wp\/v2\/pages\/147\/revisions\/9394"}],"wp:attachment":[{"href":"https:\/\/zouinart.ma\/index.php?rest_route=%2Fwp%2Fv2%2Fmedia&parent=147"}],"curies":[{"name":"wp","href":"https:\/\/api.w.org\/{rel}","templated":true}]}}